{"id":16165,"date":"2024-12-18T15:43:39","date_gmt":"2024-12-18T15:43:39","guid":{"rendered":"http:\/\/icco-instal.macrosight.co\/?page_id=16165"},"modified":"2026-02-18T14:38:01","modified_gmt":"2026-02-18T14:38:01","slug":"cariere","status":"publish","type":"page","link":"https:\/\/icco.ro\/en\/careers\/","title":{"rendered":"Careers"},"content":{"rendered":"<div data-elementor-type=\"wp-page\" data-elementor-id=\"16165\" class=\"elementor elementor-16165\" data-elementor-post-type=\"page\">\n\t\t\t\t        <section class=\"elementor-section elementor-top-section elementor-element elementor-element-dd6246f elementor-section-stretched elementor-section-full_width hero-header-video careers-hero typography-h1 elementor-section-height-default elementor-section-height-default pxl-row-scroll-none pxl-zoom-point-false pxl-section-overflow-visible pxl-full-content-with-space-none\" data-id=\"dd6246f\" data-element_type=\"section\" data-settings=\"{&quot;stretch_section&quot;:&quot;section-stretched&quot;,&quot;background_background&quot;:&quot;video&quot;,&quot;background_video_link&quot;:&quot;\\\/wp-content\\\/uploads\\\/2025\\\/02\\\/Cariere.mp4&quot;,&quot;background_video_start&quot;:0,&quot;background_play_on_mobile&quot;:&quot;yes&quot;}\">\n\n                                <div class=\"elementor-background-video-container\">\n                                            <video class=\"elementor-background-video-hosted elementor-html5-video\" autoplay muted playsinline loop><\/video>\n                                    <\/div>\n                            <div class=\"elementor-background-overlay\"><\/div>\n            \n                <div class=\"elementor-container elementor-column-gap-extended\">\n                <div class=\"elementor-column elementor-col-100 elementor-top-column elementor-element elementor-element-642a0b7 pxl-column-none pxl-column-overflow-hidden-no\" data-id=\"642a0b7\" data-element_type=\"column\">\r\n        <div class=\"elementor-widget-wrap elementor-element-populated\">\r\n                     \r\n                <section class=\"elementor-section elementor-inner-section elementor-element elementor-element-27caaae elementor-section-boxed elementor-section-height-default elementor-section-height-default pxl-row-scroll-none pxl-zoom-point-false pxl-section-overflow-visible\" data-id=\"27caaae\" data-element_type=\"section\">\n\n                \n                <div class=\"elementor-container elementor-column-gap-default\">\n                <div class=\"elementor-column elementor-col-100 elementor-inner-column elementor-element elementor-element-198289f pxl-column-none pxl-column-overflow-hidden-no\" data-id=\"198289f\" data-element_type=\"column\" data-settings=\"{&quot;background_background&quot;:&quot;classic&quot;}\">\r\n        <div class=\"elementor-widget-wrap elementor-element-populated\">\r\n                                <div class=\"elementor-background-overlay\"><\/div>\r\n         \r\n        \t\t<div class=\"elementor-element elementor-element-aa6a662 elementor-widget elementor-widget-pxl_heading\" data-id=\"aa6a662\" data-element_type=\"widget\" data-widget_type=\"pxl_heading.default\">\n\t\t\t\t<div class=\"elementor-widget-container\">\n\t\t\t\n<div id=\"pxl-pxl_heading-aa6a662-5363\" class=\"pxl-heading px-sub-title-default-style\">\n\t<div class=\"pxl-heading--inner\">\n\t\t\n\t\t<h3 class=\"pxl-item--title style-default ft-gt highlight-default\" data-wow-delay=\"ms\">\n\t\t\t\t\t\t\tCareers\t\n\t\t\t\t\n\t\t<\/h3>\n\t\t\n\t<\/div>\n<\/div>\t\t<\/div>\n\t\t\t\t<\/div>\n\t\t            <\/div>\r\n        <\/div>\r\n        \t\t\t<\/div>\n\t\t<\/section>\n\t\t            <\/div>\r\n        <\/div>\r\n        \t\t\t<\/div>\n\t\t<\/section>\n\t\t        <section class=\"elementor-section elementor-top-section elementor-element elementor-element-28eded6 elementor-section-stretched careers-form elementor-section-full_width elementor-section-height-default elementor-section-height-default pxl-row-scroll-none pxl-zoom-point-false pxl-section-overflow-visible pxl-full-content-with-space-none\" data-id=\"28eded6\" data-element_type=\"section\" data-settings=\"{&quot;stretch_section&quot;:&quot;section-stretched&quot;}\">\n\n                \n                <div class=\"elementor-container elementor-column-gap-extended\">\n                <div class=\"elementor-column elementor-col-100 elementor-top-column elementor-element elementor-element-e030632 pxl-column-none pxl-column-overflow-hidden-no\" data-id=\"e030632\" data-element_type=\"column\">\r\n        <div class=\"elementor-widget-wrap elementor-element-populated\">\r\n                     \r\n                <section class=\"elementor-section elementor-inner-section elementor-element elementor-element-7d5cf96 elementor-section-full_width elementor-section-height-default elementor-section-height-default pxl-row-scroll-none pxl-zoom-point-false pxl-section-overflow-visible pxl-full-content-with-space-none\" data-id=\"7d5cf96\" data-element_type=\"section\" data-settings=\"{&quot;background_background&quot;:&quot;classic&quot;}\">\n\n                \n                <div class=\"elementor-container elementor-column-gap-extended\">\n                <div class=\"elementor-column elementor-col-50 elementor-inner-column elementor-element elementor-element-09d8164 pxl-column-none pxl-column-overflow-hidden-no\" data-id=\"09d8164\" data-element_type=\"column\">\r\n        <div class=\"elementor-widget-wrap elementor-element-populated\">\r\n                     \r\n        \t\t<div class=\"elementor-element elementor-element-917f4fa typography-tag elementor-widget elementor-widget-pxl_text_editor\" data-id=\"917f4fa\" data-element_type=\"widget\" data-widget_type=\"pxl_text_editor.default\">\n\t\t\t\t<div class=\"elementor-widget-container\">\n\t\t\t<div class=\"pxl-text-editor\">\n\t<div class=\"pxl-item--inner\" data-wow-delay=\"ms\">\n\t\t<p>CAREERS<\/p>\t\t\n\t<\/div>\n<\/div>\t\t<\/div>\n\t\t\t\t<\/div>\n\t\t\t\t<div class=\"elementor-element elementor-element-5d7a478 typography-h2 text-white elementor-widget elementor-widget-pxl_heading\" data-id=\"5d7a478\" data-element_type=\"widget\" data-widget_type=\"pxl_heading.default\">\n\t\t\t\t<div class=\"elementor-widget-container\">\n\t\t\t\n<div id=\"pxl-pxl_heading-5d7a478-8138\" class=\"pxl-heading px-sub-title-default-style\">\n\t<div class=\"pxl-heading--inner\">\n\t\t\n\t\t<h3 class=\"pxl-item--title style-default  highlight-default translation-block\" data-wow-delay=\"ms\">We are over <br> 1,200 colleagues<\/h3>\n\t\t\n\t<\/div>\n<\/div>\t\t<\/div>\n\t\t\t\t<\/div>\n\t\t\t\t<div class=\"elementor-element elementor-element-965a36b typography-body1 text-lightgray elementor-widget elementor-widget-pxl_text_editor\" data-id=\"965a36b\" data-element_type=\"widget\" data-widget_type=\"pxl_text_editor.default\">\n\t\t\t\t<div class=\"elementor-widget-container\">\n\t\t\t<div class=\"pxl-text-editor\">\n\t<div class=\"pxl-item--inner\" data-wow-delay=\"ms\">\n\t\t<p><span style=\"font-weight: 400\">We are always looking for new members to join our team. Our headquarters is located in Bra\u0219ov, with branches in Timi\u0219oara, Bucharest, and Hungary.<\/span><\/p><p><span style=\"font-weight: 400\">If you are interested in working with our firms, send us a CV and cover letter, stating the position and the company you are applying for.<\/span><\/p>\t\t\n\t<\/div>\n<\/div>\t\t<\/div>\n\t\t\t\t<\/div>\n\t\t            <\/div>\r\n        <\/div>\r\n                <div class=\"elementor-column elementor-col-50 elementor-inner-column elementor-element elementor-element-628ce5f pxl-column-none pxl-column-overflow-hidden-no\" data-id=\"628ce5f\" data-element_type=\"column\">\r\n        <div class=\"elementor-widget-wrap elementor-element-populated\">\r\n                     \r\n        \t\t<div class=\"elementor-element elementor-element-81e6d4a typography-h3 elementor-widget elementor-widget-pxl_heading\" data-id=\"81e6d4a\" data-element_type=\"widget\" data-widget_type=\"pxl_heading.default\">\n\t\t\t\t<div class=\"elementor-widget-container\">\n\t\t\t\n<div id=\"pxl-pxl_heading-81e6d4a-1018\" class=\"pxl-heading px-sub-title-default-style\">\n\t<div class=\"pxl-heading--inner\">\n\t\t\n\t\t<h4 class=\"pxl-item--title style-default  highlight-default\" data-wow-delay=\"ms\">\n\t\t\t\t\t\t\tJoin the team\t\n\t\t\t\t\n\t\t<\/h4>\n\t\t\n\t<\/div>\n<\/div>\t\t<\/div>\n\t\t\t\t<\/div>\n\t\t\t\t<div class=\"elementor-element elementor-element-71707a4 elementor-widget elementor-widget-shortcode\" data-id=\"71707a4\" data-element_type=\"widget\" data-widget_type=\"shortcode.default\">\n\t\t\t\t<div class=\"elementor-widget-container\">\n\t\t\t\t\t<div class=\"elementor-shortcode\">\n<div class=\"wpcf7 no-js\" id=\"wpcf7-f16167-o1\" lang=\"en-US\" dir=\"ltr\" data-wpcf7-id=\"16167\">\n<div class=\"screen-reader-response\"><p role=\"status\" aria-live=\"polite\" aria-atomic=\"true\"><\/p> <ul><\/ul><\/div>\n<form action=\"\/wp-json\/wp\/v2\/pages\/16165\" method=\"post\" class=\"wpcf7-form init\" aria-label=\"Contact form\" enctype=\"multipart\/form-data\" novalidate=\"novalidate\" data-status=\"init\" data-trp-original-action=\"\/en\/wp-json\/wp\/v2\/pages\/16165#wpcf7-f16167-o1\">\n<div style=\"display: none;\">\n<input type=\"hidden\" name=\"_wpcf7\" value=\"16167\" \/>\n<input type=\"hidden\" name=\"_wpcf7_version\" value=\"6.0.1\" \/>\n<input type=\"hidden\" name=\"_wpcf7_locale\" value=\"en_US\" \/>\n<input type=\"hidden\" name=\"_wpcf7_unit_tag\" value=\"wpcf7-f16167-o1\" \/>\n<input type=\"hidden\" name=\"_wpcf7_container_post\" value=\"0\" \/>\n<input type=\"hidden\" name=\"_wpcf7_posted_data_hash\" value=\"\" \/>\n<\/div>\n<div class=\"uacf7-form-16167\"><div class=\"wrap-ctf-corporate component-contact-form\">\n    <div class=\"input-filled\">\n        <span class=\"wpcf7-form-control-wrap your-name\"><span class=\"wpcf7-form-control-wrap\" data-name=\"your-name\"><input size=\"40\" maxlength=\"400\" class=\"wpcf7-form-control wpcf7-text wpcf7-validates-as-required\" aria-required=\"true\" aria-invalid=\"false\" placeholder=\"Name*\" value=\"\" type=\"text\" name=\"your-name\" \/><\/span><\/span>\n    <\/div>\n    <div class=\"input-filled\">\n        <span class=\"wpcf7-form-control-wrap your-email\"><span class=\"wpcf7-form-control-wrap\" data-name=\"your-email\"><input size=\"40\" maxlength=\"400\" class=\"wpcf7-form-control wpcf7-email wpcf7-validates-as-required wpcf7-text wpcf7-validates-as-email\" aria-required=\"true\" aria-invalid=\"false\" placeholder=\"Email*\" value=\"\" type=\"email\" name=\"your-email\" \/><\/span><\/span>\n    <\/div>\n    <div class=\"input-filled\">\n        <span class=\"wpcf7-form-control-wrap your-message\"><span class=\"wpcf7-form-control-wrap\" data-name=\"your-message\"><textarea cols=\"40\" rows=\"10\" maxlength=\"2000\" class=\"wpcf7-form-control wpcf7-textarea wpcf7-validates-as-required\" aria-required=\"true\" aria-invalid=\"false\" placeholder=\"Message*\" name=\"your-message\"><\/textarea><\/span><\/span>\n    <\/div>\n\n    <div class=\"cf7-flex file-upload-field\">\n      <span class=\"wpcf7-form-control-wrap\" data-name=\"cv\"><input size=\"40\" class=\"wpcf7-form-control wpcf7-file wpcf7-validates-as-required\" id=\"cvFile\" accept=\".pdf,.doc,.docx\" aria-required=\"true\" aria-invalid=\"false\" type=\"file\" name=\"cv\" \/><\/span>\n    <\/div>\n\n    <div class=\"form-acceptance\">\n      <span class=\"wpcf7-form-control-wrap\" data-name=\"your-consent\"><span class=\"wpcf7-form-control wpcf7-acceptance\"><span class=\"wpcf7-list-item\"><label><input type=\"checkbox\" name=\"your-consent\" value=\"1\" aria-invalid=\"false\" \/><span class=\"wpcf7-list-item-label\">I agree to the processing of personal data*<\/span><\/label><\/span><\/span><\/span>\n    <\/div>\n\n    <button type=\"submit\" class=\"wpcf7-submit wpcf7-btn-abs\">\n        Send Message\n        <svg xmlns=\"http:\/\/www.w3.org\/2000\/svg\" width=\"24\" height=\"24\" viewbox=\"0 0 24 24\" fill=\"none\">\n            <path d=\"M5 12H19\" stroke=\"currentColor\" stroke-width=\"2\" stroke-linecap=\"round\" stroke-linejoin=\"round\" \/>\n            <path d=\"M15 16L19 12\" stroke=\"currentColor\" stroke-width=\"2\" stroke-linecap=\"round\" stroke-linejoin=\"round\" \/>\n            <path d=\"M15 8L19 12\" stroke=\"currentColor\" stroke-width=\"2\" stroke-linecap=\"round\" stroke-linejoin=\"round\" \/>\n        <\/svg>\n    <\/button>\n<\/div><\/div><div class=\"wpcf7-response-output\" aria-hidden=\"true\"><\/div>\n<input type=\"hidden\" name=\"trp-form-language\" value=\"en\"\/><\/form>\n<\/div>\n<\/div>\n\t\t\t\t<\/div>\n\t\t\t\t<\/div>\n\t\t            <\/div>\r\n        <\/div>\r\n        \t\t\t<\/div>\n\t\t<\/section>\n\t\t            <\/div>\r\n        <\/div>\r\n        \t\t\t<\/div>\n\t\t<\/section>\n\t\t        <section class=\"elementor-section elementor-top-section elementor-element elementor-element-2461220 jobs-list-title elementor-section-full_width elementor-section-stretched elementor-hidden-desktop elementor-hidden-laptop elementor-hidden-tablet_extra elementor-hidden-tablet elementor-hidden-mobile elementor-section-height-default elementor-section-height-default pxl-row-scroll-none pxl-zoom-point-false pxl-section-overflow-visible pxl-full-content-with-space-none\" data-id=\"2461220\" data-element_type=\"section\" data-settings=\"{&quot;stretch_section&quot;:&quot;section-stretched&quot;}\">\n\n                \n                <div class=\"elementor-container elementor-column-gap-default\">\n                <div class=\"elementor-column elementor-col-100 elementor-top-column elementor-element elementor-element-c7e499d pxl-column-none pxl-column-overflow-hidden-no\" data-id=\"c7e499d\" data-element_type=\"column\">\r\n        <div class=\"elementor-widget-wrap elementor-element-populated\">\r\n                     \r\n        \t\t<div class=\"elementor-element elementor-element-1b877ab ft-gt typography-tag typography-h2 text-white elementor-widget elementor-widget-pxl_heading\" data-id=\"1b877ab\" data-element_type=\"widget\" data-widget_type=\"pxl_heading.default\">\n\t\t\t\t<div class=\"elementor-widget-container\">\n\t\t\t\n<div id=\"pxl-pxl_heading-1b877ab-8581\" class=\"pxl-heading px-sub-title-default-style\">\n\t<div class=\"pxl-heading--inner\">\n\t\t\t\t\t<div class=\"pxl-item--subtitle px-sub-title-default\" data-wow-delay=\"ms\">\n\t\t\t\t<span class=\"pxl-item--subtext\">\n\t\t\t\t\t\t\t\t\t\tJOBS\t\t\t\t<\/span>\n\t\t\t<\/div>\n\t\t\n\t\t<h3 class=\"pxl-item--title style-default  highlight-default pxl-split-text split-in-fade\" data-wow-delay=\"ms\">\n\t\t\t\t\t\t\tAvailable Roles\t\n\t\t\t\t\n\t\t<\/h3>\n\t\t\n\t<\/div>\n<\/div>\t\t<\/div>\n\t\t\t\t<\/div>\n\t\t            <\/div>\r\n        <\/div>\r\n        \t\t\t<\/div>\n\t\t<\/section>\n\t\t        <section class=\"elementor-section elementor-top-section elementor-element elementor-element-b9b4b6a jobs-list elementor-section-full_width elementor-section-stretched elementor-hidden-desktop elementor-hidden-laptop elementor-hidden-tablet_extra elementor-hidden-tablet elementor-hidden-mobile elementor-section-height-default elementor-section-height-default pxl-row-scroll-none pxl-zoom-point-false pxl-section-overflow-visible pxl-full-content-with-space-none\" data-id=\"b9b4b6a\" data-element_type=\"section\" data-settings=\"{&quot;stretch_section&quot;:&quot;section-stretched&quot;}\">\n\n                \n                <div class=\"elementor-container elementor-column-gap-default\">\n                <div class=\"elementor-column elementor-col-100 elementor-top-column elementor-element elementor-element-f7d5ec9 pxl-column-none pxl-column-overflow-hidden-no\" data-id=\"f7d5ec9\" data-element_type=\"column\">\r\n        <div class=\"elementor-widget-wrap elementor-element-populated\">\r\n                     \r\n        \t\t<div class=\"elementor-element elementor-element-296803c elementor-widget elementor-widget-html\" data-id=\"296803c\" data-element_type=\"widget\" data-widget_type=\"html.default\">\n\t\t\t\t<div class=\"elementor-widget-container\">\n\t\t\t<div class=\"jobs-row\">\n    <img decoding=\"async\" src=\"\/wp-content\/uploads\/2024\/12\/Frame-103-2.svg\">\n    <div class=\"jobs-section\">\n        <div class=\"component-job-card\">\n            <div class=\"job-details\">\n            <h5 class=\"job-title\">Electrical Systems Design Engineer<\/h5>\n            <div class=\"job-tag\">Electro-technical<\/div>\n            <\/div>\n            <button class=\"job-button btn-glossy\">Apply<\/button>\n        <\/div>\n         <div class=\"component-job-card\">\n            <div class=\"job-details\">\n            <h5 class=\"job-title\">Automation Engineer<\/h5>\n            <div class=\"job-tag\">Electro-technical<\/div>\n            <\/div>\n            <button class=\"job-button btn-glossy\">Apply<\/button>\n        <\/div>\n    <\/div>\n<\/div>\t\t<\/div>\n\t\t\t\t<\/div>\n\t\t\t\t<div class=\"elementor-element elementor-element-062ada3 elementor-widget elementor-widget-pxl_divider\" data-id=\"062ada3\" data-element_type=\"widget\" data-widget_type=\"pxl_divider.default\">\n\t\t\t\t<div class=\"elementor-widget-container\">\n\t\t\t<div class=\"pxl-el-divider\" data-wow-delay=\"ms\"><\/div>\t\t<\/div>\n\t\t\t\t<\/div>\n\t\t\t\t<div class=\"elementor-element elementor-element-f4fa3a8 elementor-widget elementor-widget-html\" data-id=\"f4fa3a8\" data-element_type=\"widget\" data-widget_type=\"html.default\">\n\t\t\t\t<div class=\"elementor-widget-container\">\n\t\t\t<div class=\"jobs-row\">\n    <img decoding=\"async\" src=\"\/wp-content\/uploads\/2024\/12\/Frame-107.svg\">\n    <div class=\"jobs-section\">\n        <div class=\"component-job-card\">\n            <div class=\"job-details\">\n            <h5 class=\"job-title\">Electrical Installations Site Manager<\/h5>\n            <div class=\"job-tag\">Installations<\/div>\n            <\/div>\n            <button class=\"job-button btn-glossy\">Apply<\/button>\n        <\/div>\n    <\/div>\n<\/div>\t\t<\/div>\n\t\t\t\t<\/div>\n\t\t            <\/div>\r\n        <\/div>\r\n        \t\t\t<\/div>\n\t\t<\/section>\n\t\t\t\t<\/div>","protected":false},"excerpt":{"rendered":"<p>Careers Careers We are over 1,200 colleagues We are always looking for new team members. Our head office is in Brasov and we have branches in Timisoara and Bucharest, as well as in Hungary. If you are interested in working with us, please send us a CV and cover letter, stating the position and the company you are applying for. Join [...]<\/p>","protected":false},"author":1,"featured_media":21064,"parent":0,"menu_order":0,"comment_status":"closed","ping_status":"closed","template":"","meta":{"footnotes":""},"class_list":["post-16165","page","type-page","status-publish","has-post-thumbnail","hentry"],"yoast_head":"<!-- This site is optimized with the Yoast SEO plugin v24.1 - https:\/\/yoast.com\/wordpress\/plugins\/seo\/ -->\n<title>Joburi disponibile la ICCO | Al\u0103tur\u0103-te unui lider \u00een solu\u021bii industriale<\/title>\n<meta name=\"description\" content=\"ICCO - suntem \u00een c\u0103utare de profesioni\u0219ti pentru diverse pozi\u021bii \u00een domenii tehnice \u0219i industriale. Aplic\u0103 \u0219i fii parte dintr-o echip\u0103 dedicat\u0103 excelen\u021bei!\" \/>\n<meta name=\"robots\" content=\"index, follow, max-snippet:-1, max-image-preview:large, max-video-preview:-1\" \/>\n<link rel=\"canonical\" href=\"https:\/\/icco.ro\/en\/careers\/\" \/>\n<meta property=\"og:locale\" content=\"en_US\" \/>\n<meta property=\"og:type\" content=\"article\" \/>\n<meta property=\"og:title\" content=\"Joburi disponibile la ICCO | Al\u0103tur\u0103-te unui lider \u00een solu\u021bii industriale\" \/>\n<meta property=\"og:description\" content=\"ICCO - suntem \u00een c\u0103utare de profesioni\u0219ti pentru diverse pozi\u021bii \u00een domenii tehnice \u0219i industriale. Aplic\u0103 \u0219i fii parte dintr-o echip\u0103 dedicat\u0103 excelen\u021bei!\" \/>\n<meta property=\"og:url\" content=\"https:\/\/icco.ro\/en\/careers\/\" \/>\n<meta property=\"og:site_name\" content=\"ICCO - Enjoy your business!\" \/>\n<meta property=\"article:modified_time\" content=\"2026-02-18T14:38:01+00:00\" \/>\n<meta property=\"og:image\" content=\"https:\/\/icco.ro\/wp-content\/uploads\/2025\/02\/icco-meta-careers.webp\" \/>\n\t<meta property=\"og:image:width\" content=\"2385\" \/>\n\t<meta property=\"og:image:height\" content=\"1241\" \/>\n\t<meta property=\"og:image:type\" content=\"image\/webp\" \/>\n<meta name=\"twitter:card\" content=\"summary_large_image\" \/>\n<!-- \/ Yoast SEO plugin. -->","yoast_head_json":{"title":"Joburi disponibile la ICCO | Al\u0103tur\u0103-te unui lider \u00een solu\u021bii industriale","description":"ICCO - suntem \u00een c\u0103utare de profesioni\u0219ti pentru diverse pozi\u021bii \u00een domenii tehnice \u0219i industriale. Aplic\u0103 \u0219i fii parte dintr-o echip\u0103 dedicat\u0103 excelen\u021bei!","robots":{"index":"index","follow":"follow","max-snippet":"max-snippet:-1","max-image-preview":"max-image-preview:large","max-video-preview":"max-video-preview:-1"},"canonical":"https:\/\/icco.ro\/en\/careers\/","og_locale":"en_US","og_type":"article","og_title":"Joburi disponibile la ICCO | Al\u0103tur\u0103-te unui lider \u00een solu\u021bii industriale","og_description":"ICCO - suntem \u00een c\u0103utare de profesioni\u0219ti pentru diverse pozi\u021bii \u00een domenii tehnice \u0219i industriale. Aplic\u0103 \u0219i fii parte dintr-o echip\u0103 dedicat\u0103 excelen\u021bei!","og_url":"https:\/\/icco.ro\/en\/careers\/","og_site_name":"ICCO - Enjoy your business!","article_modified_time":"2026-02-18T14:38:01+00:00","og_image":[{"width":2385,"height":1241,"url":"https:\/\/icco.ro\/wp-content\/uploads\/2025\/02\/icco-meta-careers.webp","type":"image\/webp"}],"twitter_card":"summary_large_image","schema":{"@context":"https:\/\/schema.org","@graph":[{"@type":"WebPage","@id":"https:\/\/icco.ro\/en\/careers\/","url":"https:\/\/icco.ro\/en\/careers\/","name":"Joburi disponibile la ICCO | Al\u0103tur\u0103-te unui lider \u00een solu\u021bii industriale","isPartOf":{"@id":"https:\/\/icco.ro\/en\/#website"},"primaryImageOfPage":{"@id":"https:\/\/icco.ro\/en\/careers\/#primaryimage"},"image":{"@id":"https:\/\/icco.ro\/en\/careers\/#primaryimage"},"thumbnailUrl":"https:\/\/icco.ro\/wp-content\/uploads\/2025\/02\/icco-meta-careers.webp","datePublished":"2024-12-18T15:43:39+00:00","dateModified":"2026-02-18T14:38:01+00:00","description":"ICCO - suntem \u00een c\u0103utare de profesioni\u0219ti pentru diverse pozi\u021bii \u00een domenii tehnice \u0219i industriale. Aplic\u0103 \u0219i fii parte dintr-o echip\u0103 dedicat\u0103 excelen\u021bei!","breadcrumb":{"@id":"https:\/\/icco.ro\/en\/careers\/#breadcrumb"},"inLanguage":"en-US","potentialAction":[{"@type":"ReadAction","target":["https:\/\/icco.ro\/en\/careers\/"]}]},{"@type":"ImageObject","inLanguage":"en-US","@id":"https:\/\/icco.ro\/en\/careers\/#primaryimage","url":"https:\/\/icco.ro\/wp-content\/uploads\/2025\/02\/icco-meta-careers.webp","contentUrl":"https:\/\/icco.ro\/wp-content\/uploads\/2025\/02\/icco-meta-careers.webp","width":2385,"height":1241},{"@type":"BreadcrumbList","@id":"https:\/\/icco.ro\/en\/careers\/#breadcrumb","itemListElement":[{"@type":"ListItem","position":1,"name":"Home","item":"https:\/\/icco.ro\/"},{"@type":"ListItem","position":2,"name":"Cariere"}]},{"@type":"WebSite","@id":"https:\/\/icco.ro\/en\/#website","url":"https:\/\/icco.ro\/en\/","name":"ICCO - Enjoy your business!","description":"Business Consulting","publisher":{"@id":"https:\/\/icco.ro\/en\/#organization"},"inLanguage":"en-US"},{"@type":"Organization","@id":"https:\/\/icco.ro\/en\/#organization","name":"ICCO - Enjoy your business!","url":"https:\/\/icco.ro\/en\/","logo":{"@type":"ImageObject","inLanguage":"en-US","@id":"https:\/\/icco.ro\/en\/#\/schema\/logo\/image\/","url":"https:\/\/icco.ro\/wp-content\/uploads\/2025\/02\/cropped-icco-512-light.png","contentUrl":"https:\/\/icco.ro\/wp-content\/uploads\/2025\/02\/cropped-icco-512-light.png","width":512,"height":512,"caption":"ICCO - Enjoy your business!"},"image":{"@id":"https:\/\/icco.ro\/en\/#\/schema\/logo\/image\/"}}]}},"_links":{"self":[{"href":"https:\/\/icco.ro\/en\/wp-json\/wp\/v2\/pages\/16165","targetHints":{"allow":["GET"]}}],"collection":[{"href":"https:\/\/icco.ro\/en\/wp-json\/wp\/v2\/pages"}],"about":[{"href":"https:\/\/icco.ro\/en\/wp-json\/wp\/v2\/types\/page"}],"author":[{"embeddable":true,"href":"https:\/\/icco.ro\/en\/wp-json\/wp\/v2\/users\/1"}],"replies":[{"embeddable":true,"href":"https:\/\/icco.ro\/en\/wp-json\/wp\/v2\/comments?post=16165"}],"version-history":[{"count":3,"href":"https:\/\/icco.ro\/en\/wp-json\/wp\/v2\/pages\/16165\/revisions"}],"predecessor-version":[{"id":22364,"href":"https:\/\/icco.ro\/en\/wp-json\/wp\/v2\/pages\/16165\/revisions\/22364"}],"wp:featuredmedia":[{"embeddable":true,"href":"https:\/\/icco.ro\/en\/wp-json\/wp\/v2\/media\/21064"}],"wp:attachment":[{"href":"https:\/\/icco.ro\/en\/wp-json\/wp\/v2\/media?parent=16165"}],"curies":[{"name":"wp","href":"https:\/\/api.w.org\/{rel}","templated":true}]}}